{"id":15,"date":"2018-11-14T08:10:30","date_gmt":"2018-11-14T08:10:30","guid":{"rendered":"http:\/\/willa-zamek.pl\/?page_id=15"},"modified":"2026-03-04T12:34:08","modified_gmt":"2026-03-04T12:34:08","slug":"oferta","status":"publish","type":"page","link":"http:\/\/willa-zamek.pl\/?page_id=15","title":{"rendered":"Oferta"},"content":{"rendered":"<p style=\"text-align: justify;\">Drodzy Pa\u0144stwo<\/p>\n<p>W 2025\/2026 roku Willa Zamek czynna ca\u0142y rok( z przerw\u0105 7-17 listopada 2025, oraz 15-28 lutego 2026) z tym,\u017ce w okresie zimowym konieczno\u015b\u0107 wcze\u015bniejszej rezerwacji &#8211; z wyprzedzeniem co najmniej kilkudniowym.<\/p>\n<p>Dysponujemy 16 pokojami 1, 2 i 3 osobowymi na I oraz II pi\u0119trze , \u0142azienki wsp\u00f3lne na ko\u0144cu korytarza na I pi\u0119trze (3 WC, 5 kabin prysznicowych i umywalek). Wszystkie pokoje z balkonami z wyj\u0105tkiem pokoju nr 10, tzw.dziupla \ud83d\ude42 dawna s\u0142u\u017cb\u00f3wka. Na parterze kuchnia dost\u0119pna dla wszystkich, jadalnia, biblioteka, du\u017cy taras oraz dost\u0119p do sieci Wi-Fi.<\/p>\n<p>Zwierz\u0119ta mile widziane, bez dodatkowej op\u0142aty.<\/p>\n<p>W hektarowym ogrodzie jest wiele miejsc na ogniska oraz grille<\/p>\n<p style=\"text-align: justify;\">Serdecznie zapraszamy wszystkich dla kt\u00f3rych luksus nie jest najwa\u017cniejszy, ale nastr\u00f3j starego domu, kontakt z przyrod\u0105, bajeczne widoki oraz zaczarowany ogr\u00f3d. Nasz dom istnieje ju\u017c od 100 lat i chocia\u017c burzliwe mia\u0142 \u017cycie &#8211; \u0142\u0105cznie z po\u017carem &#8211; ale wci\u0105\u017c jest w r\u0119kach naszej rodziny.\u00a0 Wraz z ogrodem, w kt\u00f3rym pierwszych nasadze\u0144 dokona\u0142 m\u00f3j pradziad J\u00f3zef Lorenz, a kolejne pokolenia wzbogaca\u0142y jego drzewostan, tworzy niezwyk\u0142y klimat przez wielu nazywanym magicznym. Doceni\u0142o go wielu znanych i mniej znanych acz wra\u017cliwych os\u00f3b na czele z Andrzejem Wajd\u0105 czy Jerzym Nowosielskim.<\/p>\n<p>&nbsp;<\/p>\n<p>Cennik w 2026<\/p>\n<p>1 noc\u00a0\u00a0\u00a0\u00a0\u00a0 &#8211;\u00a0\u00a0\u00a0\u00a0\u00a0\u00a0\u00a0\u00a0\u00a0\u00a0\u00a0\u00a0 100 z\u0142 od osoby<br \/>\n2 noce\u00a0 \u00a0 &#8211;\u00a0 \u00a0 \u00a0 \u00a0 \u00a0 \u00a0\u00a0 80 z\u0142 od osoby za noc<br \/>\nd\u0142u\u017cszy pobyt &#8211;\u00a0 70 z\u0142 od osoby za noc<\/p>\n<p>W okresie grzewczym\u00a0 &#8211;\u00a0 100 z\u0142 od osoby bez wzgl\u0119du na d\u0142ugo\u015b\u0107 pobytu<\/p>\n<p>P\u0142atno\u015b\u0107 got\u00f3wk\u0105, kart\u0105,\u00a0 b\u0105d\u017a przelewem na konto: 89 1020 1433 0000 1802 0007 7784<br \/>\nIstnieje r\u00f3wnie\u017c mo\u017cliwo\u015b\u0107 p\u0142atno\u015bci BLIKIEM na telefon: +48 884 076 875<\/p>\n<p>&nbsp;<\/p>\n<p>&nbsp;<\/p>\n<p><img loading=\"lazy\" decoding=\"async\" class=\"aligncenter wp-image-581 size-large\" style=\"font-family: 'Palatino Linotype', 'Book Antiqua', Palatino, serif; text-align: center;\" src=\"http:\/\/willa-zamek.pl\/wp-content\/uploads\/2021\/03\/wz_linia_01-1024x137.png\" alt=\"\" width=\"1024\" height=\"137\" srcset=\"http:\/\/willa-zamek.pl\/wp-content\/uploads\/2021\/03\/wz_linia_01-1024x137.png 1024w, http:\/\/willa-zamek.pl\/wp-content\/uploads\/2021\/03\/wz_linia_01-300x40.png 300w, http:\/\/willa-zamek.pl\/wp-content\/uploads\/2021\/03\/wz_linia_01-768x102.png 768w, http:\/\/willa-zamek.pl\/wp-content\/uploads\/2021\/03\/wz_linia_01-570x76.png 570w, http:\/\/willa-zamek.pl\/wp-content\/uploads\/2021\/03\/wz_linia_01.png 1200w\" sizes=\"auto, (max-width: 1024px) 100vw, 1024px\" \/><\/p>\n<p>&nbsp;<\/p>\n","protected":false},"excerpt":{"rendered":"<p>Drodzy Pa\u0144stwo W 2025\/2026 roku Willa Zamek czynna ca\u0142y rok( z przerw\u0105 7-17 listopada 2025, oraz 15-28 lutego 2026) z tym,\u017ce w okresie zimowym konieczno\u015b\u0107 wcze\u015bniejszej rezerwacji &#8211; z wyprzedzeniem co najmniej kilkudniowym. Dysponujemy 16 pokojami 1, 2 i 3 osobowymi na I oraz II pi\u0119trze , \u0142azienki wsp\u00f3lne na ko\u0144cu korytarza na I pi\u0119trze [&hellip;]<\/p>\n","protected":false},"author":1,"featured_media":17,"parent":0,"menu_order":0,"comment_status":"closed","ping_status":"open","template":"","meta":{"footnotes":""},"class_list":["post-15","page","type-page","status-publish","has-post-thumbnail","czr-hentry"],"yoast_head":"<!-- This site is optimized with the Yoast SEO plugin v25.7 - https:\/\/yoast.com\/wordpress\/plugins\/seo\/ -->\n<title>Oferta -<\/title>\n<meta name=\"robots\" content=\"index, follow, max-snippet:-1, max-image-preview:large, max-video-preview:-1\" \/>\n<link rel=\"canonical\" href=\"http:\/\/willa-zamek.pl\/?page_id=15\" \/>\n<meta property=\"og:locale\" content=\"pl_PL\" \/>\n<meta property=\"og:type\" content=\"article\" \/>\n<meta property=\"og:title\" content=\"Oferta -\" \/>\n<meta property=\"og:description\" content=\"Drodzy Pa\u0144stwo W 2025\/2026 roku Willa Zamek czynna ca\u0142y rok( z przerw\u0105 7-17 listopada 2025, oraz 15-28 lutego 2026) z tym,\u017ce w okresie zimowym konieczno\u015b\u0107 wcze\u015bniejszej rezerwacji &#8211; z wyprzedzeniem co najmniej kilkudniowym. Dysponujemy 16 pokojami 1, 2 i 3 osobowymi na I oraz II pi\u0119trze , \u0142azienki wsp\u00f3lne na ko\u0144cu korytarza na I pi\u0119trze [&hellip;]\" \/>\n<meta property=\"og:url\" content=\"http:\/\/willa-zamek.pl\/?page_id=15\" \/>\n<meta property=\"article:publisher\" content=\"https:\/\/www.facebook.com\/Willa-Zamek-194618793908397\/\" \/>\n<meta property=\"article:modified_time\" content=\"2026-03-04T12:34:08+00:00\" \/>\n<meta property=\"og:image\" content=\"http:\/\/willa-zamek.pl\/wp-content\/uploads\/2018\/11\/klik_03.jpg\" \/>\n\t<meta property=\"og:image:width\" content=\"270\" \/>\n\t<meta property=\"og:image:height\" content=\"270\" \/>\n\t<meta property=\"og:image:type\" content=\"image\/jpeg\" \/>\n<meta name=\"twitter:card\" content=\"summary_large_image\" \/>\n<meta name=\"twitter:label1\" content=\"Szacowany czas czytania\" \/>\n\t<meta name=\"twitter:data1\" content=\"2 minuty\" \/>\n<script type=\"application\/ld+json\" class=\"yoast-schema-graph\">{\"@context\":\"https:\/\/schema.org\",\"@graph\":[{\"@type\":\"WebPage\",\"@id\":\"http:\/\/willa-zamek.pl\/?page_id=15\",\"url\":\"http:\/\/willa-zamek.pl\/?page_id=15\",\"name\":\"Oferta -\",\"isPartOf\":{\"@id\":\"http:\/\/willa-zamek.pl\/#website\"},\"primaryImageOfPage\":{\"@id\":\"http:\/\/willa-zamek.pl\/?page_id=15#primaryimage\"},\"image\":{\"@id\":\"http:\/\/willa-zamek.pl\/?page_id=15#primaryimage\"},\"thumbnailUrl\":\"http:\/\/willa-zamek.pl\/wp-content\/uploads\/2018\/11\/klik_03.jpg\",\"datePublished\":\"2018-11-14T08:10:30+00:00\",\"dateModified\":\"2026-03-04T12:34:08+00:00\",\"breadcrumb\":{\"@id\":\"http:\/\/willa-zamek.pl\/?page_id=15#breadcrumb\"},\"inLanguage\":\"pl-PL\",\"potentialAction\":[{\"@type\":\"ReadAction\",\"target\":[\"http:\/\/willa-zamek.pl\/?page_id=15\"]}]},{\"@type\":\"ImageObject\",\"inLanguage\":\"pl-PL\",\"@id\":\"http:\/\/willa-zamek.pl\/?page_id=15#primaryimage\",\"url\":\"http:\/\/willa-zamek.pl\/wp-content\/uploads\/2018\/11\/klik_03.jpg\",\"contentUrl\":\"http:\/\/willa-zamek.pl\/wp-content\/uploads\/2018\/11\/klik_03.jpg\",\"width\":270,\"height\":270},{\"@type\":\"BreadcrumbList\",\"@id\":\"http:\/\/willa-zamek.pl\/?page_id=15#breadcrumb\",\"itemListElement\":[{\"@type\":\"ListItem\",\"position\":1,\"name\":\"Strona g\u0142\u00f3wna\",\"item\":\"http:\/\/willa-zamek.pl\/\"},{\"@type\":\"ListItem\",\"position\":2,\"name\":\"Oferta\"}]},{\"@type\":\"WebSite\",\"@id\":\"http:\/\/willa-zamek.pl\/#website\",\"url\":\"http:\/\/willa-zamek.pl\/\",\"name\":\"\",\"description\":\"\",\"publisher\":{\"@id\":\"http:\/\/willa-zamek.pl\/#organization\"},\"potentialAction\":[{\"@type\":\"SearchAction\",\"target\":{\"@type\":\"EntryPoint\",\"urlTemplate\":\"http:\/\/willa-zamek.pl\/?s={search_term_string}\"},\"query-input\":{\"@type\":\"PropertyValueSpecification\",\"valueRequired\":true,\"valueName\":\"search_term_string\"}}],\"inLanguage\":\"pl-PL\"},{\"@type\":\"Organization\",\"@id\":\"http:\/\/willa-zamek.pl\/#organization\",\"name\":\"Willa Zamek Lanckorona\",\"url\":\"http:\/\/willa-zamek.pl\/\",\"logo\":{\"@type\":\"ImageObject\",\"inLanguage\":\"pl-PL\",\"@id\":\"http:\/\/willa-zamek.pl\/#\/schema\/logo\/image\/\",\"url\":\"http:\/\/willa-zamek.pl\/wp-content\/uploads\/2021\/03\/wz_logo_0.png\",\"contentUrl\":\"http:\/\/willa-zamek.pl\/wp-content\/uploads\/2021\/03\/wz_logo_0.png\",\"width\":1400,\"height\":758,\"caption\":\"Willa Zamek Lanckorona\"},\"image\":{\"@id\":\"http:\/\/willa-zamek.pl\/#\/schema\/logo\/image\/\"},\"sameAs\":[\"https:\/\/www.facebook.com\/Willa-Zamek-194618793908397\/\"]}]}<\/script>\n<!-- \/ Yoast SEO plugin. -->","yoast_head_json":{"title":"Oferta -","robots":{"index":"index","follow":"follow","max-snippet":"max-snippet:-1","max-image-preview":"max-image-preview:large","max-video-preview":"max-video-preview:-1"},"canonical":"http:\/\/willa-zamek.pl\/?page_id=15","og_locale":"pl_PL","og_type":"article","og_title":"Oferta -","og_description":"Drodzy Pa\u0144stwo W 2025\/2026 roku Willa Zamek czynna ca\u0142y rok( z przerw\u0105 7-17 listopada 2025, oraz 15-28 lutego 2026) z tym,\u017ce w okresie zimowym konieczno\u015b\u0107 wcze\u015bniejszej rezerwacji &#8211; z wyprzedzeniem co najmniej kilkudniowym. Dysponujemy 16 pokojami 1, 2 i 3 osobowymi na I oraz II pi\u0119trze , \u0142azienki wsp\u00f3lne na ko\u0144cu korytarza na I pi\u0119trze [&hellip;]","og_url":"http:\/\/willa-zamek.pl\/?page_id=15","article_publisher":"https:\/\/www.facebook.com\/Willa-Zamek-194618793908397\/","article_modified_time":"2026-03-04T12:34:08+00:00","og_image":[{"width":270,"height":270,"url":"http:\/\/willa-zamek.pl\/wp-content\/uploads\/2018\/11\/klik_03.jpg","type":"image\/jpeg"}],"twitter_card":"summary_large_image","twitter_misc":{"Szacowany czas czytania":"2 minuty"},"schema":{"@context":"https:\/\/schema.org","@graph":[{"@type":"WebPage","@id":"http:\/\/willa-zamek.pl\/?page_id=15","url":"http:\/\/willa-zamek.pl\/?page_id=15","name":"Oferta -","isPartOf":{"@id":"http:\/\/willa-zamek.pl\/#website"},"primaryImageOfPage":{"@id":"http:\/\/willa-zamek.pl\/?page_id=15#primaryimage"},"image":{"@id":"http:\/\/willa-zamek.pl\/?page_id=15#primaryimage"},"thumbnailUrl":"http:\/\/willa-zamek.pl\/wp-content\/uploads\/2018\/11\/klik_03.jpg","datePublished":"2018-11-14T08:10:30+00:00","dateModified":"2026-03-04T12:34:08+00:00","breadcrumb":{"@id":"http:\/\/willa-zamek.pl\/?page_id=15#breadcrumb"},"inLanguage":"pl-PL","potentialAction":[{"@type":"ReadAction","target":["http:\/\/willa-zamek.pl\/?page_id=15"]}]},{"@type":"ImageObject","inLanguage":"pl-PL","@id":"http:\/\/willa-zamek.pl\/?page_id=15#primaryimage","url":"http:\/\/willa-zamek.pl\/wp-content\/uploads\/2018\/11\/klik_03.jpg","contentUrl":"http:\/\/willa-zamek.pl\/wp-content\/uploads\/2018\/11\/klik_03.jpg","width":270,"height":270},{"@type":"BreadcrumbList","@id":"http:\/\/willa-zamek.pl\/?page_id=15#breadcrumb","itemListElement":[{"@type":"ListItem","position":1,"name":"Strona g\u0142\u00f3wna","item":"http:\/\/willa-zamek.pl\/"},{"@type":"ListItem","position":2,"name":"Oferta"}]},{"@type":"WebSite","@id":"http:\/\/willa-zamek.pl\/#website","url":"http:\/\/willa-zamek.pl\/","name":"","description":"","publisher":{"@id":"http:\/\/willa-zamek.pl\/#organization"},"potentialAction":[{"@type":"SearchAction","target":{"@type":"EntryPoint","urlTemplate":"http:\/\/willa-zamek.pl\/?s={search_term_string}"},"query-input":{"@type":"PropertyValueSpecification","valueRequired":true,"valueName":"search_term_string"}}],"inLanguage":"pl-PL"},{"@type":"Organization","@id":"http:\/\/willa-zamek.pl\/#organization","name":"Willa Zamek Lanckorona","url":"http:\/\/willa-zamek.pl\/","logo":{"@type":"ImageObject","inLanguage":"pl-PL","@id":"http:\/\/willa-zamek.pl\/#\/schema\/logo\/image\/","url":"http:\/\/willa-zamek.pl\/wp-content\/uploads\/2021\/03\/wz_logo_0.png","contentUrl":"http:\/\/willa-zamek.pl\/wp-content\/uploads\/2021\/03\/wz_logo_0.png","width":1400,"height":758,"caption":"Willa Zamek Lanckorona"},"image":{"@id":"http:\/\/willa-zamek.pl\/#\/schema\/logo\/image\/"},"sameAs":["https:\/\/www.facebook.com\/Willa-Zamek-194618793908397\/"]}]}},"_links":{"self":[{"href":"http:\/\/willa-zamek.pl\/index.php?rest_route=\/wp\/v2\/pages\/15","targetHints":{"allow":["GET"]}}],"collection":[{"href":"http:\/\/willa-zamek.pl\/index.php?rest_route=\/wp\/v2\/pages"}],"about":[{"href":"http:\/\/willa-zamek.pl\/index.php?rest_route=\/wp\/v2\/types\/page"}],"author":[{"embeddable":true,"href":"http:\/\/willa-zamek.pl\/index.php?rest_route=\/wp\/v2\/users\/1"}],"replies":[{"embeddable":true,"href":"http:\/\/willa-zamek.pl\/index.php?rest_route=%2Fwp%2Fv2%2Fcomments&post=15"}],"version-history":[{"count":55,"href":"http:\/\/willa-zamek.pl\/index.php?rest_route=\/wp\/v2\/pages\/15\/revisions"}],"predecessor-version":[{"id":843,"href":"http:\/\/willa-zamek.pl\/index.php?rest_route=\/wp\/v2\/pages\/15\/revisions\/843"}],"wp:featuredmedia":[{"embeddable":true,"href":"http:\/\/willa-zamek.pl\/index.php?rest_route=\/wp\/v2\/media\/17"}],"wp:attachment":[{"href":"http:\/\/willa-zamek.pl\/index.php?rest_route=%2Fwp%2Fv2%2Fmedia&parent=15"}],"curies":[{"name":"wp","href":"https:\/\/api.w.org\/{rel}","templated":true}]}}