{"id":353,"date":"2019-09-01T13:37:20","date_gmt":"2019-09-01T13:37:20","guid":{"rendered":"http:\/\/willa-zamek.pl\/?page_id=353"},"modified":"2025-01-11T09:44:02","modified_gmt":"2025-01-11T09:44:02","slug":"skawinki","status":"publish","type":"page","link":"http:\/\/willa-zamek.pl\/?page_id=353","title":{"rendered":"Skawinki"},"content":{"rendered":"<p style=\"text-align: justify;\"><a href=\"http:\/\/willa-zamek.pl\/wp-content\/uploads\/2019\/09\/ska_02.jpg\"><img loading=\"lazy\" decoding=\"async\" class=\"size-medium wp-image-361 alignleft\" src=\"http:\/\/willa-zamek.pl\/wp-content\/uploads\/2019\/09\/ska_02-225x300.jpg\" alt=\"\" width=\"225\" height=\"300\" srcset=\"http:\/\/willa-zamek.pl\/wp-content\/uploads\/2019\/09\/ska_02-225x300.jpg 225w, http:\/\/willa-zamek.pl\/wp-content\/uploads\/2019\/09\/ska_02-768x1024.jpg 768w, http:\/\/willa-zamek.pl\/wp-content\/uploads\/2019\/09\/ska_02-570x760.jpg 570w, http:\/\/willa-zamek.pl\/wp-content\/uploads\/2019\/09\/ska_02.jpg 810w\" sizes=\"auto, (max-width: 225px) 100vw, 225px\" \/><\/a>Wie\u015b w Polsce, po\u0142o\u017cona w wojew\u00f3dztwie ma\u0142opolskim, w powiecie wadowickim, w gminie Lanckorona, na skraju Beskidu Makowskiego, u wschodnich podn\u00f3\u017cy g\u00f3ry Che\u0142m (603 m n.p.m.), przy lokalnej drodze z Brod\u00f3w do Palczy, w dolinie potoku Skawinka, kt\u00f3ry na terenie wsi ma swe \u017ar\u00f3dliska.<\/p>\n<p>&nbsp;<\/p>\n<p style=\"text-align: justify;\"><strong>Historia<\/strong><br \/>\nPierwsze nieoficjalne wzmianki pochodz\u0105 z 1336 r. Lokowana przez Kazimierza Wielkiego 11 listopada 1359. Jako wie\u015b kr\u00f3lewska wesz\u0142a wkr\u00f3tce w sk\u0142ad starostwa niegrodowego lanckoro\u0144skiego i by\u0142a z nim zwi\u0105zana do 1889 r., kiedy to znalaz\u0142a si\u0119 w dobrach izdebnickich, nale\u017c\u0105cych do Habsburg\u00f3w. Po I wojnie \u015bwiatowej sta\u0142a si\u0119 cz\u0119\u015bci\u0105 Sp\u00f3\u0142ki Izdebnickie Zak\u0142ady Przemys\u0142owe.<br \/>\nW latach 1975\u20131998 miejscowo\u015b\u0107 administracyjnie nale\u017ca\u0142a do wojew\u00f3dztwa bielskiego.<\/p>\n<p>&nbsp;<\/p>\n<p style=\"text-align: justify;\"><strong>Zabytki<\/strong><br \/>\nDrewniany ko\u015bci\u00f3\u0142 pw \u015bw. Joachima z 1 po\u0142. XVIII w. Zosta\u0142 przeniesiony z Przytkowic w 1956 roku. Ma cechy p\u00f3\u017anobarokowe. Zbudowany jest na planie krzy\u017ca greckiego o r\u00f3wnych ramionach i \u015bci\u0119tych k\u0105tach mi\u0119dzy ramiennych. Posiada prezbiterium i jedn\u0105 naw\u0119. Nad wej\u015bciem jest ch\u00f3r. Dach siod\u0142owy nakryty jest gontem i posiada o\u015bmioboczn\u0105 wie\u017cyczk\u0119. Ku wschodowi stoi drewniana wie\u017ca konstrukcji s\u0142upowej, z nadwieszon\u0105 izbic\u0105 i nakryta dachem namiotowym. Zawiera:<br \/>\n&#8211; O\u0142tarz g\u0142\u00f3wny z obrazem \u015bw\/ Rodziny, na bramkach \u015bwi\u0119tego Augustyna i \u015bwi\u0119tego Hieronima.<br \/>\n&#8211; O\u0142tarze boczne wsp\u00f3\u0142czesne: Serca Pana Jezusa i Matki Boskiej Cz\u0119stochowskiej.<br \/>\nMurowana kapliczka &#8222;Dzwonek&#8221; z lat 20. XIX w.<\/p>\n<h6 style=\"text-align: right;\">(\u017ar\u00f3d\u0142o wikipedia.org)<\/h6>\n<p>&nbsp;<\/p>\n<hr \/>\n<p><a href=\"http:\/\/willa-zamek.pl\/wp-content\/uploads\/2019\/09\/ska_07.jpg\"><img loading=\"lazy\" decoding=\"async\" class=\"alignnone wp-image-367 size-thumbnail\" src=\"http:\/\/willa-zamek.pl\/wp-content\/uploads\/2019\/09\/ska_07-150x150.jpg\" alt=\"\" width=\"150\" height=\"150\" srcset=\"http:\/\/willa-zamek.pl\/wp-content\/uploads\/2019\/09\/ska_07-150x150.jpg 150w, http:\/\/willa-zamek.pl\/wp-content\/uploads\/2019\/09\/ska_07-510x510.jpg 510w\" sizes=\"auto, (max-width: 150px) 100vw, 150px\" \/><\/a> <a href=\"http:\/\/willa-zamek.pl\/wp-content\/uploads\/2019\/09\/ska_06.jpg\"><img loading=\"lazy\" decoding=\"async\" class=\"alignnone wp-image-366 size-thumbnail\" src=\"http:\/\/willa-zamek.pl\/wp-content\/uploads\/2019\/09\/ska_06-150x150.jpg\" alt=\"\" width=\"150\" height=\"150\" srcset=\"http:\/\/willa-zamek.pl\/wp-content\/uploads\/2019\/09\/ska_06-150x150.jpg 150w, http:\/\/willa-zamek.pl\/wp-content\/uploads\/2019\/09\/ska_06-510x510.jpg 510w\" sizes=\"auto, (max-width: 150px) 100vw, 150px\" \/><\/a> <a href=\"http:\/\/willa-zamek.pl\/wp-content\/uploads\/2019\/09\/ska_05.jpg\"><img loading=\"lazy\" decoding=\"async\" class=\"alignnone wp-image-365 size-thumbnail\" src=\"http:\/\/willa-zamek.pl\/wp-content\/uploads\/2019\/09\/ska_05-150x150.jpg\" alt=\"\" width=\"150\" height=\"150\" srcset=\"http:\/\/willa-zamek.pl\/wp-content\/uploads\/2019\/09\/ska_05-150x150.jpg 150w, http:\/\/willa-zamek.pl\/wp-content\/uploads\/2019\/09\/ska_05-510x510.jpg 510w\" sizes=\"auto, (max-width: 150px) 100vw, 150px\" \/><\/a> <a href=\"http:\/\/willa-zamek.pl\/wp-content\/uploads\/2019\/09\/ska_04.jpg\"><img loading=\"lazy\" decoding=\"async\" class=\"alignnone wp-image-364 size-thumbnail\" src=\"http:\/\/willa-zamek.pl\/wp-content\/uploads\/2019\/09\/ska_04-150x150.jpg\" alt=\"\" width=\"150\" height=\"150\" srcset=\"http:\/\/willa-zamek.pl\/wp-content\/uploads\/2019\/09\/ska_04-150x150.jpg 150w, http:\/\/willa-zamek.pl\/wp-content\/uploads\/2019\/09\/ska_04-510x510.jpg 510w\" sizes=\"auto, (max-width: 150px) 100vw, 150px\" \/><\/a> <a href=\"http:\/\/willa-zamek.pl\/wp-content\/uploads\/2019\/09\/ska_01.jpg\"><img loading=\"lazy\" decoding=\"async\" class=\"alignnone wp-image-363 size-thumbnail\" src=\"http:\/\/willa-zamek.pl\/wp-content\/uploads\/2019\/09\/ska_01-150x150.jpg\" alt=\"\" width=\"150\" height=\"150\" srcset=\"http:\/\/willa-zamek.pl\/wp-content\/uploads\/2019\/09\/ska_01-150x150.jpg 150w, http:\/\/willa-zamek.pl\/wp-content\/uploads\/2019\/09\/ska_01-510x510.jpg 510w\" sizes=\"auto, (max-width: 150px) 100vw, 150px\" \/><\/a> <a href=\"http:\/\/willa-zamek.pl\/wp-content\/uploads\/2019\/09\/ska_03.jpg\"><img loading=\"lazy\" decoding=\"async\" class=\"alignnone wp-image-362 size-thumbnail\" src=\"http:\/\/willa-zamek.pl\/wp-content\/uploads\/2019\/09\/ska_03-150x150.jpg\" alt=\"\" width=\"150\" height=\"150\" srcset=\"http:\/\/willa-zamek.pl\/wp-content\/uploads\/2019\/09\/ska_03-150x150.jpg 150w, http:\/\/willa-zamek.pl\/wp-content\/uploads\/2019\/09\/ska_03-510x510.jpg 510w\" sizes=\"auto, (max-width: 150px) 100vw, 150px\" \/><\/a><\/p>\n<hr \/>\n","protected":false},"excerpt":{"rendered":"<p>Wie\u015b w Polsce, po\u0142o\u017cona w wojew\u00f3dztwie ma\u0142opolskim, w powiecie wadowickim, w gminie Lanckorona, na skraju Beskidu Makowskiego, u wschodnich podn\u00f3\u017cy g\u00f3ry Che\u0142m (603 m n.p.m.), przy lokalnej drodze z Brod\u00f3w do Palczy, w dolinie potoku Skawinka, kt\u00f3ry na terenie wsi ma swe \u017ar\u00f3dliska. &nbsp; Historia Pierwsze nieoficjalne wzmianki pochodz\u0105 z 1336 r. Lokowana przez Kazimierza [&hellip;]<\/p>\n","protected":false},"author":1,"featured_media":0,"parent":51,"menu_order":0,"comment_status":"closed","ping_status":"closed","template":"","meta":{"footnotes":""},"class_list":["post-353","page","type-page","status-publish","czr-hentry"],"yoast_head":"<!-- This site is optimized with the Yoast SEO plugin v25.7 - https:\/\/yoast.com\/wordpress\/plugins\/seo\/ -->\n<title>Skawinki -<\/title>\n<meta name=\"robots\" content=\"index, follow, max-snippet:-1, max-image-preview:large, max-video-preview:-1\" \/>\n<link rel=\"canonical\" href=\"http:\/\/willa-zamek.pl\/?page_id=353\" \/>\n<meta property=\"og:locale\" content=\"pl_PL\" \/>\n<meta property=\"og:type\" content=\"article\" \/>\n<meta property=\"og:title\" content=\"Skawinki -\" \/>\n<meta property=\"og:description\" content=\"Wie\u015b w Polsce, po\u0142o\u017cona w wojew\u00f3dztwie ma\u0142opolskim, w powiecie wadowickim, w gminie Lanckorona, na skraju Beskidu Makowskiego, u wschodnich podn\u00f3\u017cy g\u00f3ry Che\u0142m (603 m n.p.m.), przy lokalnej drodze z Brod\u00f3w do Palczy, w dolinie potoku Skawinka, kt\u00f3ry na terenie wsi ma swe \u017ar\u00f3dliska. &nbsp; Historia Pierwsze nieoficjalne wzmianki pochodz\u0105 z 1336 r. Lokowana przez Kazimierza [&hellip;]\" \/>\n<meta property=\"og:url\" content=\"http:\/\/willa-zamek.pl\/?page_id=353\" \/>\n<meta property=\"article:publisher\" content=\"https:\/\/www.facebook.com\/Willa-Zamek-194618793908397\/\" \/>\n<meta property=\"article:modified_time\" content=\"2025-01-11T09:44:02+00:00\" \/>\n<meta property=\"og:image\" content=\"http:\/\/willa-zamek.pl\/wp-content\/uploads\/2019\/09\/ska_02-225x300.jpg\" \/>\n<meta name=\"twitter:card\" content=\"summary_large_image\" \/>\n<meta name=\"twitter:label1\" content=\"Szacowany czas czytania\" \/>\n\t<meta name=\"twitter:data1\" content=\"1 minuta\" \/>\n<script type=\"application\/ld+json\" class=\"yoast-schema-graph\">{\"@context\":\"https:\/\/schema.org\",\"@graph\":[{\"@type\":\"WebPage\",\"@id\":\"http:\/\/willa-zamek.pl\/?page_id=353\",\"url\":\"http:\/\/willa-zamek.pl\/?page_id=353\",\"name\":\"Skawinki -\",\"isPartOf\":{\"@id\":\"http:\/\/willa-zamek.pl\/#website\"},\"primaryImageOfPage\":{\"@id\":\"http:\/\/willa-zamek.pl\/?page_id=353#primaryimage\"},\"image\":{\"@id\":\"http:\/\/willa-zamek.pl\/?page_id=353#primaryimage\"},\"thumbnailUrl\":\"http:\/\/willa-zamek.pl\/wp-content\/uploads\/2019\/09\/ska_02-225x300.jpg\",\"datePublished\":\"2019-09-01T13:37:20+00:00\",\"dateModified\":\"2025-01-11T09:44:02+00:00\",\"breadcrumb\":{\"@id\":\"http:\/\/willa-zamek.pl\/?page_id=353#breadcrumb\"},\"inLanguage\":\"pl-PL\",\"potentialAction\":[{\"@type\":\"ReadAction\",\"target\":[\"http:\/\/willa-zamek.pl\/?page_id=353\"]}]},{\"@type\":\"ImageObject\",\"inLanguage\":\"pl-PL\",\"@id\":\"http:\/\/willa-zamek.pl\/?page_id=353#primaryimage\",\"url\":\"http:\/\/willa-zamek.pl\/wp-content\/uploads\/2019\/09\/ska_02.jpg\",\"contentUrl\":\"http:\/\/willa-zamek.pl\/wp-content\/uploads\/2019\/09\/ska_02.jpg\",\"width\":810,\"height\":1080},{\"@type\":\"BreadcrumbList\",\"@id\":\"http:\/\/willa-zamek.pl\/?page_id=353#breadcrumb\",\"itemListElement\":[{\"@type\":\"ListItem\",\"position\":1,\"name\":\"Strona g\u0142\u00f3wna\",\"item\":\"http:\/\/willa-zamek.pl\/\"},{\"@type\":\"ListItem\",\"position\":2,\"name\":\"Okolica\",\"item\":\"http:\/\/willa-zamek.pl\/?page_id=51\"},{\"@type\":\"ListItem\",\"position\":3,\"name\":\"Skawinki\"}]},{\"@type\":\"WebSite\",\"@id\":\"http:\/\/willa-zamek.pl\/#website\",\"url\":\"http:\/\/willa-zamek.pl\/\",\"name\":\"\",\"description\":\"\",\"publisher\":{\"@id\":\"http:\/\/willa-zamek.pl\/#organization\"},\"potentialAction\":[{\"@type\":\"SearchAction\",\"target\":{\"@type\":\"EntryPoint\",\"urlTemplate\":\"http:\/\/willa-zamek.pl\/?s={search_term_string}\"},\"query-input\":{\"@type\":\"PropertyValueSpecification\",\"valueRequired\":true,\"valueName\":\"search_term_string\"}}],\"inLanguage\":\"pl-PL\"},{\"@type\":\"Organization\",\"@id\":\"http:\/\/willa-zamek.pl\/#organization\",\"name\":\"Willa Zamek Lanckorona\",\"url\":\"http:\/\/willa-zamek.pl\/\",\"logo\":{\"@type\":\"ImageObject\",\"inLanguage\":\"pl-PL\",\"@id\":\"http:\/\/willa-zamek.pl\/#\/schema\/logo\/image\/\",\"url\":\"http:\/\/willa-zamek.pl\/wp-content\/uploads\/2021\/03\/wz_logo_0.png\",\"contentUrl\":\"http:\/\/willa-zamek.pl\/wp-content\/uploads\/2021\/03\/wz_logo_0.png\",\"width\":1400,\"height\":758,\"caption\":\"Willa Zamek Lanckorona\"},\"image\":{\"@id\":\"http:\/\/willa-zamek.pl\/#\/schema\/logo\/image\/\"},\"sameAs\":[\"https:\/\/www.facebook.com\/Willa-Zamek-194618793908397\/\"]}]}<\/script>\n<!-- \/ Yoast SEO plugin. -->","yoast_head_json":{"title":"Skawinki -","robots":{"index":"index","follow":"follow","max-snippet":"max-snippet:-1","max-image-preview":"max-image-preview:large","max-video-preview":"max-video-preview:-1"},"canonical":"http:\/\/willa-zamek.pl\/?page_id=353","og_locale":"pl_PL","og_type":"article","og_title":"Skawinki -","og_description":"Wie\u015b w Polsce, po\u0142o\u017cona w wojew\u00f3dztwie ma\u0142opolskim, w powiecie wadowickim, w gminie Lanckorona, na skraju Beskidu Makowskiego, u wschodnich podn\u00f3\u017cy g\u00f3ry Che\u0142m (603 m n.p.m.), przy lokalnej drodze z Brod\u00f3w do Palczy, w dolinie potoku Skawinka, kt\u00f3ry na terenie wsi ma swe \u017ar\u00f3dliska. &nbsp; Historia Pierwsze nieoficjalne wzmianki pochodz\u0105 z 1336 r. Lokowana przez Kazimierza [&hellip;]","og_url":"http:\/\/willa-zamek.pl\/?page_id=353","article_publisher":"https:\/\/www.facebook.com\/Willa-Zamek-194618793908397\/","article_modified_time":"2025-01-11T09:44:02+00:00","og_image":[{"url":"http:\/\/willa-zamek.pl\/wp-content\/uploads\/2019\/09\/ska_02-225x300.jpg","type":"","width":"","height":""}],"twitter_card":"summary_large_image","twitter_misc":{"Szacowany czas czytania":"1 minuta"},"schema":{"@context":"https:\/\/schema.org","@graph":[{"@type":"WebPage","@id":"http:\/\/willa-zamek.pl\/?page_id=353","url":"http:\/\/willa-zamek.pl\/?page_id=353","name":"Skawinki -","isPartOf":{"@id":"http:\/\/willa-zamek.pl\/#website"},"primaryImageOfPage":{"@id":"http:\/\/willa-zamek.pl\/?page_id=353#primaryimage"},"image":{"@id":"http:\/\/willa-zamek.pl\/?page_id=353#primaryimage"},"thumbnailUrl":"http:\/\/willa-zamek.pl\/wp-content\/uploads\/2019\/09\/ska_02-225x300.jpg","datePublished":"2019-09-01T13:37:20+00:00","dateModified":"2025-01-11T09:44:02+00:00","breadcrumb":{"@id":"http:\/\/willa-zamek.pl\/?page_id=353#breadcrumb"},"inLanguage":"pl-PL","potentialAction":[{"@type":"ReadAction","target":["http:\/\/willa-zamek.pl\/?page_id=353"]}]},{"@type":"ImageObject","inLanguage":"pl-PL","@id":"http:\/\/willa-zamek.pl\/?page_id=353#primaryimage","url":"http:\/\/willa-zamek.pl\/wp-content\/uploads\/2019\/09\/ska_02.jpg","contentUrl":"http:\/\/willa-zamek.pl\/wp-content\/uploads\/2019\/09\/ska_02.jpg","width":810,"height":1080},{"@type":"BreadcrumbList","@id":"http:\/\/willa-zamek.pl\/?page_id=353#breadcrumb","itemListElement":[{"@type":"ListItem","position":1,"name":"Strona g\u0142\u00f3wna","item":"http:\/\/willa-zamek.pl\/"},{"@type":"ListItem","position":2,"name":"Okolica","item":"http:\/\/willa-zamek.pl\/?page_id=51"},{"@type":"ListItem","position":3,"name":"Skawinki"}]},{"@type":"WebSite","@id":"http:\/\/willa-zamek.pl\/#website","url":"http:\/\/willa-zamek.pl\/","name":"","description":"","publisher":{"@id":"http:\/\/willa-zamek.pl\/#organization"},"potentialAction":[{"@type":"SearchAction","target":{"@type":"EntryPoint","urlTemplate":"http:\/\/willa-zamek.pl\/?s={search_term_string}"},"query-input":{"@type":"PropertyValueSpecification","valueRequired":true,"valueName":"search_term_string"}}],"inLanguage":"pl-PL"},{"@type":"Organization","@id":"http:\/\/willa-zamek.pl\/#organization","name":"Willa Zamek Lanckorona","url":"http:\/\/willa-zamek.pl\/","logo":{"@type":"ImageObject","inLanguage":"pl-PL","@id":"http:\/\/willa-zamek.pl\/#\/schema\/logo\/image\/","url":"http:\/\/willa-zamek.pl\/wp-content\/uploads\/2021\/03\/wz_logo_0.png","contentUrl":"http:\/\/willa-zamek.pl\/wp-content\/uploads\/2021\/03\/wz_logo_0.png","width":1400,"height":758,"caption":"Willa Zamek Lanckorona"},"image":{"@id":"http:\/\/willa-zamek.pl\/#\/schema\/logo\/image\/"},"sameAs":["https:\/\/www.facebook.com\/Willa-Zamek-194618793908397\/"]}]}},"_links":{"self":[{"href":"http:\/\/willa-zamek.pl\/index.php?rest_route=\/wp\/v2\/pages\/353","targetHints":{"allow":["GET"]}}],"collection":[{"href":"http:\/\/willa-zamek.pl\/index.php?rest_route=\/wp\/v2\/pages"}],"about":[{"href":"http:\/\/willa-zamek.pl\/index.php?rest_route=\/wp\/v2\/types\/page"}],"author":[{"embeddable":true,"href":"http:\/\/willa-zamek.pl\/index.php?rest_route=\/wp\/v2\/users\/1"}],"replies":[{"embeddable":true,"href":"http:\/\/willa-zamek.pl\/index.php?rest_route=%2Fwp%2Fv2%2Fcomments&post=353"}],"version-history":[{"count":22,"href":"http:\/\/willa-zamek.pl\/index.php?rest_route=\/wp\/v2\/pages\/353\/revisions"}],"predecessor-version":[{"id":751,"href":"http:\/\/willa-zamek.pl\/index.php?rest_route=\/wp\/v2\/pages\/353\/revisions\/751"}],"up":[{"embeddable":true,"href":"http:\/\/willa-zamek.pl\/index.php?rest_route=\/wp\/v2\/pages\/51"}],"wp:attachment":[{"href":"http:\/\/willa-zamek.pl\/index.php?rest_route=%2Fwp%2Fv2%2Fmedia&parent=353"}],"curies":[{"name":"wp","href":"https:\/\/api.w.org\/{rel}","templated":true}]}}