{"id":51,"date":"2018-11-14T09:44:54","date_gmt":"2018-11-14T09:44:54","guid":{"rendered":"http:\/\/willa-zamek.pl\/?page_id=51"},"modified":"2025-01-10T20:27:08","modified_gmt":"2025-01-10T20:27:08","slug":"okolica","status":"publish","type":"page","link":"http:\/\/willa-zamek.pl\/?page_id=51","title":{"rendered":"Okolica"},"content":{"rendered":"<div class=\"row row--white row--padding-wide content\">\n<div class=\"row container-wide\">\n<div class=\"row content__row\">\n<p>Wielk\u0105 atrakcj\u0105 naszej okolicy jest bez w\u0105tpienia zesp\u00f3\u0142 sakralny <strong>Kalwarii Zebrzydowskiej<\/strong>, z XVII wiecznym klasztorem oraz przepi\u0119knie po\u0142o\u017conym uk\u0142adem kalwaryjskich dr\u00f3\u017cek p\u0105tniczych. Do samego klasztoru mo\u017cna doj\u015b\u0107 z Lanckorony w ci\u0105gu godziny, natomiast obej\u015bcie wszystkich kapliczek rozsianych po okolicznych wzniesieniach mo\u017ce zabra\u0107 nawet ca\u0142y dzie\u0144. Warto jednak po\u015bwi\u0119ci\u0107 ten czas, gdy\u017c nie b\u0119dzie on z pewno\u015bci\u0105 straconym, a zwiedzanie mo\u017cna roz\u0142o\u017cy\u0107 na dwa dni.<\/p>\n<p>B\u0119d\u0105c w tamtych stronach, a lubi\u0105c w\u0119drowa\u0107 warto zapu\u015bci\u0107 si\u0119 w las porastaj\u0105cy kalwaryjsk\u0105 g\u00f3r\u0119 tzw. \u017barek. Jest to przepi\u0119kny kompleks le\u015bny z ostojami starodrzewiu, szumi\u0105cymi strumykami i dzik\u0105 zwierzyn\u0105. Mo\u017cna przej\u015b\u0107 szerok\u0105 alej\u0105 za klasztorem wchodz\u0105c\u0105 w las, przy kt\u00f3rej umieszczonych jest kilka starych krzy\u017cy i figura \u015bwi\u0119tego. Na szczycie g\u00f3ry znajduj\u0105 si\u0119 szcz\u0105tki zb\u00f3jnickiego zamku tzw. W\u0142odkowej. Niestety nie zachowa\u0142o si\u0119 z niego prawie nic, gdy\u017c po uj\u0119ciu wspomnianej zb\u00f3jniczki W\u0142odkowej i straceniu jej w XV wieku na rynku w Krakowie, zamek zburzono.<\/p>\n<p>Wartym zobaczenia jest tak\u017ce dw\u00f3r w <strong>Stryszowie<\/strong>, b\u0119d\u0105cy oddzia\u0142em muzeum zamku kr\u00f3lewskiego na Wawelu. Mo\u017cna do niego podjecha\u0107 busem, b\u0105d\u017a te\u017c urz\u0105dzi\u0107 sobie wycieczk\u0119 piesz\u0105, w jedn\u0105 stron\u0119 ok. 2,50 godziny. Nad Stryszowem g\u00f3ruje Che\u0142m, bardzo rozleg\u0142y szczyt poro\u015bni\u0119ty lasem lecz od strony po\u0142udniowej posiadaj\u0105cy wiele polan z kt\u00f3rych roztaczaj\u0105 si\u0119 pi\u0119kne widoki na dolin\u0119 Skawy, Leskowca &#8211; szczytu w Beskidzie ma\u0142ym, oraz pasmo Policy, Babiej G\u00f3ry i Ja\u0142owca.<\/p>\n<p>Niedaleko od nas tak\u017ce do <strong>Wadowic<\/strong> &#8211; rodzinnego miasta papie\u017ca Jana Paw\u0142a II, ok.20 km. czy do <strong>Suchej Beskidzkiej<\/strong>, gdzie mie\u015bci si\u0119 renesansowy zamek zwany &#8222;Ma\u0142ym Wawelem&#8221;.<\/p>\n<p>W <strong>Le\u0144czach &#8211; Zarzycach<\/strong> mie\u015bci si\u0119 stadnina koni &#8211; Burzany O\u015brodek Turystyki Konnej, ok.10km. z Lanckorony.<\/p>\n<p>W niedalekich <strong>Harbutowicach<\/strong> &#8211; pomnik przyrody &#8211; 700 letnie cisy.<\/p>\n<p>Przez Lanckoron\u0119 prowadz\u0105 tak\u017ce znakowane szlaki turystyczne, kt\u00f3rymi doj\u015b\u0107 mo\u017cna do <strong>My\u015blenic<\/strong> ok.5 godzin; na Koskow\u0105 g\u00f3r\u0119 ok. 4,50 godziny, czy dalej tym szlakiem do <strong>Jordanowa<\/strong> i na Lubo\u0144 Wielki gdzie znajduje si\u0119 schronisko, ale przej\u015bcie z Lanckorony na Lubo\u0144 zajmuje ok. 13 godzin, lepiej roz\u0142o\u017cy\u0107 wi\u0119c j\u0105 w czasie. Szlakami \u0142\u0105cznikowymi mo\u017cna dosta\u0107 si\u0119 tak\u017ce na Babi\u0105 G\u00f3r\u0119, czy Leskowiec. Zreszt\u0105 mo\u017cliwo\u015bci jest wiele &#8211; zale\u017cy tylko od si\u0142 i ch\u0119ci.<\/p>\n<\/div>\n<\/div>\n<\/div>\n<div class=\"row row--dark-grey row--padding-medium footer\">\n<footer class=\"row container-wide\">\n<div class=\"col-wide footer__info\">\n<div class=\"footer__logo\"><img decoding=\"async\" src=\"file:\/\/\/D:\/Pobrane\/1\/zamek_pl\/assets\/img\/logo-willa.png\" alt=\"\" \/><\/div>\n<\/div>\n<\/footer>\n<\/div>\n","protected":false},"excerpt":{"rendered":"<p>Wielk\u0105 atrakcj\u0105 naszej okolicy jest bez w\u0105tpienia zesp\u00f3\u0142 sakralny Kalwarii Zebrzydowskiej, z XVII wiecznym klasztorem oraz przepi\u0119knie po\u0142o\u017conym uk\u0142adem kalwaryjskich dr\u00f3\u017cek p\u0105tniczych. Do samego klasztoru mo\u017cna doj\u015b\u0107 z Lanckorony w ci\u0105gu godziny, natomiast obej\u015bcie wszystkich kapliczek rozsianych po okolicznych wzniesieniach mo\u017ce zabra\u0107 nawet ca\u0142y dzie\u0144. Warto jednak po\u015bwi\u0119ci\u0107 ten czas, gdy\u017c nie b\u0119dzie on z [&hellip;]<\/p>\n","protected":false},"author":1,"featured_media":0,"parent":0,"menu_order":0,"comment_status":"closed","ping_status":"closed","template":"","meta":{"footnotes":""},"class_list":["post-51","page","type-page","status-publish","czr-hentry"],"_links":{"self":[{"href":"http:\/\/willa-zamek.pl\/index.php?rest_route=\/wp\/v2\/pages\/51","targetHints":{"allow":["GET"]}}],"collection":[{"href":"http:\/\/willa-zamek.pl\/index.php?rest_route=\/wp\/v2\/pages"}],"about":[{"href":"http:\/\/willa-zamek.pl\/index.php?rest_route=\/wp\/v2\/types\/page"}],"author":[{"embeddable":true,"href":"http:\/\/willa-zamek.pl\/index.php?rest_route=\/wp\/v2\/users\/1"}],"replies":[{"embeddable":true,"href":"http:\/\/willa-zamek.pl\/index.php?rest_route=%2Fwp%2Fv2%2Fcomments&post=51"}],"version-history":[{"count":1,"href":"http:\/\/willa-zamek.pl\/index.php?rest_route=\/wp\/v2\/pages\/51\/revisions"}],"predecessor-version":[{"id":52,"href":"http:\/\/willa-zamek.pl\/index.php?rest_route=\/wp\/v2\/pages\/51\/revisions\/52"}],"wp:attachment":[{"href":"http:\/\/willa-zamek.pl\/index.php?rest_route=%2Fwp%2Fv2%2Fmedia&parent=51"}],"curies":[{"name":"wp","href":"https:\/\/api.w.org\/{rel}","templated":true}]}}